{"id":634,"date":"2019-12-02T22:21:03","date_gmt":"2019-12-02T21:21:03","guid":{"rendered":"http:\/\/afpeah.fr\/antolini_dumas@hotmail.com\/?page_id=634"},"modified":"2023-11-04T15:54:02","modified_gmt":"2023-11-04T14:54:02","slug":"accueil","status":"publish","type":"page","link":"https:\/\/afpeah.fr\/index.php\/accueil\/","title":{"rendered":"Accueil"},"content":{"rendered":"\n<div class=\"wp-block-group\"><div class=\"wp-block-group__inner-container is-layout-flow wp-block-group-is-layout-flow\">\n<p class=\"has-text-color has-medium-font-size\" style=\"color:#ffffff\">iiiiiiiii<\/p>\n\n\n\n<figure class=\"wp-block-gallery has-nested-images columns-4 is-cropped wp-block-gallery-1 is-layout-flex wp-block-gallery-is-layout-flex\">\n<figure class=\"wp-block-image size-large\"><img loading=\"lazy\" decoding=\"async\" width=\"1024\" height=\"857\" data-id=\"834\" src=\"http:\/\/afpeah.fr\/wp-content\/uploads\/2019\/12\/Capture-d\u2019e\u0301cran-2019-12-11-a\u0300-23.05.16-1024x857.png\" alt=\"\" class=\"wp-image-834\" srcset=\"https:\/\/afpeah.fr\/wp-content\/uploads\/2019\/12\/Capture-d\u2019e\u0301cran-2019-12-11-a\u0300-23.05.16-1024x857.png 1024w, https:\/\/afpeah.fr\/wp-content\/uploads\/2019\/12\/Capture-d\u2019e\u0301cran-2019-12-11-a\u0300-23.05.16-300x251.png 300w, https:\/\/afpeah.fr\/wp-content\/uploads\/2019\/12\/Capture-d\u2019e\u0301cran-2019-12-11-a\u0300-23.05.16-768x643.png 768w, https:\/\/afpeah.fr\/wp-content\/uploads\/2019\/12\/Capture-d\u2019e\u0301cran-2019-12-11-a\u0300-23.05.16-322x270.png 322w, https:\/\/afpeah.fr\/wp-content\/uploads\/2019\/12\/Capture-d\u2019e\u0301cran-2019-12-11-a\u0300-23.05.16.png 1156w\" sizes=\"auto, (max-width: 1024px) 100vw, 1024px\" \/><\/figure>\n\n\n\n<figure class=\"wp-block-image size-large\"><img loading=\"lazy\" decoding=\"async\" width=\"952\" height=\"926\" data-id=\"835\" src=\"http:\/\/afpeah.fr\/wp-content\/uploads\/2019\/12\/Capture-d\u2019e\u0301cran-2019-12-11-a\u0300-23.05.31.png\" alt=\"\" class=\"wp-image-835\" srcset=\"https:\/\/afpeah.fr\/wp-content\/uploads\/2019\/12\/Capture-d\u2019e\u0301cran-2019-12-11-a\u0300-23.05.31.png 952w, https:\/\/afpeah.fr\/wp-content\/uploads\/2019\/12\/Capture-d\u2019e\u0301cran-2019-12-11-a\u0300-23.05.31-300x292.png 300w, https:\/\/afpeah.fr\/wp-content\/uploads\/2019\/12\/Capture-d\u2019e\u0301cran-2019-12-11-a\u0300-23.05.31-768x747.png 768w, https:\/\/afpeah.fr\/wp-content\/uploads\/2019\/12\/Capture-d\u2019e\u0301cran-2019-12-11-a\u0300-23.05.31-278x270.png 278w\" sizes=\"auto, (max-width: 952px) 100vw, 952px\" \/><\/figure>\n\n\n\n<figure class=\"wp-block-image size-large\"><img loading=\"lazy\" decoding=\"async\" width=\"772\" height=\"660\" data-id=\"830\" src=\"http:\/\/afpeah.fr\/wp-content\/uploads\/2019\/12\/Capture-d\u2019e\u0301cran-2019-12-11-a\u0300-22.46.21.png\" alt=\"\" class=\"wp-image-830\" srcset=\"https:\/\/afpeah.fr\/wp-content\/uploads\/2019\/12\/Capture-d\u2019e\u0301cran-2019-12-11-a\u0300-22.46.21.png 772w, https:\/\/afpeah.fr\/wp-content\/uploads\/2019\/12\/Capture-d\u2019e\u0301cran-2019-12-11-a\u0300-22.46.21-300x256.png 300w, https:\/\/afpeah.fr\/wp-content\/uploads\/2019\/12\/Capture-d\u2019e\u0301cran-2019-12-11-a\u0300-22.46.21-768x657.png 768w, https:\/\/afpeah.fr\/wp-content\/uploads\/2019\/12\/Capture-d\u2019e\u0301cran-2019-12-11-a\u0300-22.46.21-316x270.png 316w\" sizes=\"auto, (max-width: 772px) 100vw, 772px\" \/><\/figure>\n\n\n\n<figure class=\"wp-block-image size-large\"><img loading=\"lazy\" decoding=\"async\" width=\"960\" height=\"934\" data-id=\"833\" src=\"http:\/\/afpeah.fr\/wp-content\/uploads\/2019\/12\/Capture-d\u2019e\u0301cran-2019-12-11-a\u0300-23.05.02.png\" alt=\"\" class=\"wp-image-833\" srcset=\"https:\/\/afpeah.fr\/wp-content\/uploads\/2019\/12\/Capture-d\u2019e\u0301cran-2019-12-11-a\u0300-23.05.02.png 960w, https:\/\/afpeah.fr\/wp-content\/uploads\/2019\/12\/Capture-d\u2019e\u0301cran-2019-12-11-a\u0300-23.05.02-300x292.png 300w, https:\/\/afpeah.fr\/wp-content\/uploads\/2019\/12\/Capture-d\u2019e\u0301cran-2019-12-11-a\u0300-23.05.02-768x747.png 768w, https:\/\/afpeah.fr\/wp-content\/uploads\/2019\/12\/Capture-d\u2019e\u0301cran-2019-12-11-a\u0300-23.05.02-278x270.png 278w\" sizes=\"auto, (max-width: 960px) 100vw, 960px\" \/><\/figure>\n<\/figure>\n<\/div><\/div>\n\n\n\n\n\n<p><\/p>\n\n\n\n<h1 class=\"wp-block-heading has-text-align-center\" id=\"une-ecole-ambitieuse\">UNE \u00c9COLE AMBITIEUSE<\/h1>\n\n\n\n<p class=\"has-text-color\" style=\"color:#ffffff\">_________________________________________<\/p>\n\n\n\n<p class=\"has-text-color has-medium-font-size\" style=\"color:#fefdfa\">_________________________________________<\/p>\n\n\n\n<h3 class=\"wp-block-heading has-text-align-center\" id=\"fondamentaux-et-connaissances-pour-tous\" style=\"font-size:30px\">Fondamentaux et connaissances pour tous<\/h3>\n\n\n\n<h3 class=\"wp-block-heading has-text-align-center\" id=\"pour-un-usage-raisonne-du-numerique\" style=\"font-size:30px\">Pour un usage raisonn\u00e9 du num\u00e9rique<\/h3>\n\n\n\n<h3 class=\"wp-block-heading has-text-align-center\" id=\"culture-humanites-et-plurilinguisme\" style=\"font-size:30px\">Culture, Humanit\u00e9s et Plurilinguisme<\/h3>\n\n\n\n<h3 class=\"wp-block-heading has-text-align-center\" id=\"un-enseignement-de-qualite-pour-tous\" style=\"font-size:30px\">Un enseignement de qualit\u00e9 pour tous<\/h3>\n\n\n\n<p class=\"has-text-align-center\">________________<\/p>\n\n\n\n<p class=\"has-text-align-center\"> <br><em>Promotion de la lecture, de l\u2019\u00e9criture, du latin et du grec, de l\u2019histoire, des langues et des litt\u00e9ratures<br>Prix litt\u00e9raires&#8230; <br>Voici un aper\u00e7u des activit\u00e9s de notre association<\/em><\/p>\n\n\n\n\n\n<p class=\"has-text-align-center\"><br><\/p>\n\n\n<div class=\"wp-block-image\">\n<figure class=\"aligncenter size-large\"><img loading=\"lazy\" decoding=\"async\" width=\"609\" height=\"1024\" src=\"https:\/\/afpeah.fr\/wp-content\/uploads\/2022\/03\/Capture-de\u0301cran-2022-02-22-a\u0300-19.35.05-609x1024.png\" alt=\"\" class=\"wp-image-2556\" srcset=\"https:\/\/afpeah.fr\/wp-content\/uploads\/2022\/03\/Capture-de\u0301cran-2022-02-22-a\u0300-19.35.05-609x1024.png 609w, https:\/\/afpeah.fr\/wp-content\/uploads\/2022\/03\/Capture-de\u0301cran-2022-02-22-a\u0300-19.35.05-178x300.png 178w, https:\/\/afpeah.fr\/wp-content\/uploads\/2022\/03\/Capture-de\u0301cran-2022-02-22-a\u0300-19.35.05-768x1291.png 768w, https:\/\/afpeah.fr\/wp-content\/uploads\/2022\/03\/Capture-de\u0301cran-2022-02-22-a\u0300-19.35.05-914x1536.png 914w, https:\/\/afpeah.fr\/wp-content\/uploads\/2022\/03\/Capture-de\u0301cran-2022-02-22-a\u0300-19.35.05-1218x2048.png 1218w, https:\/\/afpeah.fr\/wp-content\/uploads\/2022\/03\/Capture-de\u0301cran-2022-02-22-a\u0300-19.35.05-161x270.png 161w, https:\/\/afpeah.fr\/wp-content\/uploads\/2022\/03\/Capture-de\u0301cran-2022-02-22-a\u0300-19.35.05.png 1416w\" sizes=\"auto, (max-width: 609px) 100vw, 609px\" \/><\/figure>\n<\/div>\n\n\n<p><\/p>\n\n\n\n<p class=\"has-text-align-center\"><\/p>\n\n\n\n\n\n<p class=\"has-text-align-center has-medium-font-size\"><br>PRIX LITT\u00c9RAIRE  #Narcisse2023<br><br>Nous vous invitons \u00e0 vous rendre \u00e0 la rubrique \u00ab&nbsp;Nouvelles prim\u00e9es&nbsp;\u00bb, vous pourrez y d\u00e9couvrir les textes des laur\u00e9ats 2023 :<\/p>\n\n\n\n<figure class=\"wp-block-image size-large\"><img loading=\"lazy\" decoding=\"async\" width=\"1024\" height=\"684\" src=\"https:\/\/afpeah.fr\/wp-content\/uploads\/2023\/06\/Laureats-2023-1024x684.png\" alt=\"\" class=\"wp-image-2986\" srcset=\"https:\/\/afpeah.fr\/wp-content\/uploads\/2023\/06\/Laureats-2023-1024x684.png 1024w, https:\/\/afpeah.fr\/wp-content\/uploads\/2023\/06\/Laureats-2023-300x200.png 300w, https:\/\/afpeah.fr\/wp-content\/uploads\/2023\/06\/Laureats-2023-768x513.png 768w, https:\/\/afpeah.fr\/wp-content\/uploads\/2023\/06\/Laureats-2023-1536x1026.png 1536w, https:\/\/afpeah.fr\/wp-content\/uploads\/2023\/06\/Laureats-2023-2048x1367.png 2048w, https:\/\/afpeah.fr\/wp-content\/uploads\/2023\/06\/Laureats-2023-404x270.png 404w\" sizes=\"auto, (max-width: 1024px) 100vw, 1024px\" \/><\/figure>\n\n\n\n<div class=\"wp-block-columns is-layout-flex wp-container-core-columns-is-layout-9d6595d7 wp-block-columns-is-layout-flex\">\n<div class=\"wp-block-column is-layout-flow wp-block-column-is-layout-flow\" style=\"flex-basis:100%\">\n<div class=\"wp-block-columns is-layout-flex wp-container-core-columns-is-layout-9d6595d7 wp-block-columns-is-layout-flex\">\n<div class=\"wp-block-column is-layout-flow wp-block-column-is-layout-flow\" style=\"flex-basis:100%\"><div class=\"wp-block-image\">\n<figure class=\"aligncenter size-large is-resized\"><img loading=\"lazy\" decoding=\"async\" width=\"400\" height=\"400\" src=\"https:\/\/afpeah.fr\/wp-content\/uploads\/2021\/02\/logo-afpeah-2.jpg\" alt=\"\" class=\"wp-image-1924\" style=\"width:167px;height:167px\" srcset=\"https:\/\/afpeah.fr\/wp-content\/uploads\/2021\/02\/logo-afpeah-2.jpg 400w, https:\/\/afpeah.fr\/wp-content\/uploads\/2021\/02\/logo-afpeah-2-300x300.jpg 300w, https:\/\/afpeah.fr\/wp-content\/uploads\/2021\/02\/logo-afpeah-2-150x150.jpg 150w, https:\/\/afpeah.fr\/wp-content\/uploads\/2021\/02\/logo-afpeah-2-270x270.jpg 270w\" sizes=\"auto, (max-width: 400px) 100vw, 400px\" \/><\/figure>\n<\/div><\/div>\n<\/div>\n<\/div>\n<\/div>\n\n\n\n<p>                                                                                                  <\/p>\n","protected":false},"excerpt":{"rendered":"<p>iiiiiiiii UNE \u00c9COLE AMBITIEUSE _________________________________________ _________________________________________ Fondamentaux et connaissances pour tous Pour un usage raisonn\u00e9 du num\u00e9rique Culture, Humanit\u00e9s et Plurilinguisme Un enseignement de qualit\u00e9 pour tous ________________ Promotion de la lecture, de l\u2019\u00e9criture, du latin et du grec, de l\u2019histoire, des langues et des litt\u00e9raturesPrix litt\u00e9raires&#8230; Voici un aper\u00e7u des activit\u00e9s de notre association PRIX LITT\u00c9RAIRE #Narcisse2023 Nous vous invitons \u00e0 vous rendre \u00e0 la rubrique \u00ab&nbsp;Nouvelles prim\u00e9es&nbsp;\u00bb, vous pourrez y d\u00e9couvrir les textes des laur\u00e9ats 2023 :<\/p>\n","protected":false},"author":1,"featured_media":0,"parent":0,"menu_order":0,"comment_status":"closed","ping_status":"closed","template":"","meta":{"footnotes":""},"class_list":["post-634","page","type-page","status-publish","hentry"],"_links":{"self":[{"href":"https:\/\/afpeah.fr\/index.php\/wp-json\/wp\/v2\/pages\/634","targetHints":{"allow":["GET"]}}],"collection":[{"href":"https:\/\/afpeah.fr\/index.php\/wp-json\/wp\/v2\/pages"}],"about":[{"href":"https:\/\/afpeah.fr\/index.php\/wp-json\/wp\/v2\/types\/page"}],"author":[{"embeddable":true,"href":"https:\/\/afpeah.fr\/index.php\/wp-json\/wp\/v2\/users\/1"}],"replies":[{"embeddable":true,"href":"https:\/\/afpeah.fr\/index.php\/wp-json\/wp\/v2\/comments?post=634"}],"version-history":[{"count":51,"href":"https:\/\/afpeah.fr\/index.php\/wp-json\/wp\/v2\/pages\/634\/revisions"}],"predecessor-version":[{"id":3125,"href":"https:\/\/afpeah.fr\/index.php\/wp-json\/wp\/v2\/pages\/634\/revisions\/3125"}],"wp:attachment":[{"href":"https:\/\/afpeah.fr\/index.php\/wp-json\/wp\/v2\/media?parent=634"}],"curies":[{"name":"wp","href":"https:\/\/api.w.org\/{rel}","templated":true}]}}