{"id":2485,"date":"2022-02-07T11:53:34","date_gmt":"2022-02-07T10:53:34","guid":{"rendered":"https:\/\/afpeah.fr\/?page_id=2485"},"modified":"2025-09-30T18:31:45","modified_gmt":"2025-09-30T16:31:45","slug":"podcasts","status":"publish","type":"page","link":"https:\/\/afpeah.fr\/index.php\/podcasts\/","title":{"rendered":"Podcasts"},"content":{"rendered":"\n<p>La plupart de ces r\u00e9cits sont accessibles en format videotexte sur YouTube <br><a href=\"https:\/\/www.youtube.com\/@associationafpeah201\">https:\/\/www.youtube.com\/@associationafpeah201<\/a><\/p>\n\n\n\n<p><\/p>\n\n\n\n<p>1-Nouvelle fantastique : Le Masque de la Mort rouge, Edgar Poe. Texte lu par Fran\u00e7oise Bailly-Torres<\/p>\n\n\n\n<figure class=\"wp-block-audio\"><audio controls src=\"https:\/\/afpeah.fr\/wp-content\/uploads\/2022\/02\/Edgar-Poe-L1Podcast.mp3\"><\/audio><\/figure>\n\n\n\n<p>2-Conte traditionnel japonais : Urashima Tar\u014d. Texte lu par Claudine Foury<\/p>\n\n\n\n<figure class=\"wp-block-audio\"><audio controls src=\"https:\/\/afpeah.fr\/wp-content\/uploads\/2022\/02\/URASHIMA-TARO\u0304.mp3\"><\/audio><\/figure>\n\n\n\n<p>3-Nouvelle fantastique : Wood\u2019stown, Alphonse Daudet. Texte lu par Tatiana Dumas<\/p>\n\n\n\n<figure class=\"wp-block-audio\"><audio controls src=\"https:\/\/afpeah.fr\/wp-content\/uploads\/2022\/03\/Woodstown-Alphonse-Daudet.mp3\"><\/audio><\/figure>\n\n\n\n<p>4-Mythe de Cadmus. Extrait des M\u00e9tamorphoses d\u2019Ovide. Texte lu Par Florian Martinez<\/p>\n\n\n\n<figure class=\"wp-block-audio\"><audio controls src=\"https:\/\/afpeah.fr\/wp-content\/uploads\/2022\/03\/CADMUS.mp3\"><\/audio><\/figure>\n\n\n\n<p>5-L\u2019Escargot bleu, conte d\u2019Andr\u00e9 Hell\u00e9 <\/p>\n\n\n\n<figure class=\"wp-block-audio\"><audio controls src=\"https:\/\/afpeah.fr\/wp-content\/uploads\/2024\/04\/Lescargot-bleu-audio.mp3\"><\/audio><\/figure>\n\n\n\n<p>6-Riquet \u00e0 la houppe. Conte de Perrault lu par Nathalie Cullell<\/p>\n\n\n\n<figure class=\"wp-block-audio\"><audio controls src=\"https:\/\/afpeah.fr\/wp-content\/uploads\/2022\/08\/Riquet-a\u0300-la-houppe-podcast.mp3\"><\/audio><\/figure>\n\n\n\n<p>7-Narcisse, extrait des M\u00e9tamorphoses d\u2019Ovide. Texte lu par Cyril Le Meur<\/p>\n\n\n\n<figure class=\"wp-block-audio\"><audio controls src=\"https:\/\/afpeah.fr\/wp-content\/uploads\/2024\/04\/Narcisse.mp3\"><\/audio><\/figure>\n\n\n\n<p>8-La Cafeti\u00e8re, nouvelle fantastique de Th\u00e9ophile Gautier. Texte lu par Fran\u00e7oise Bailly-Torres<\/p>\n\n\n\n<figure class=\"wp-block-audio\"><audio controls src=\"https:\/\/afpeah.fr\/wp-content\/uploads\/2024\/04\/La-Cafetiere.mp3\"><\/audio><\/figure>\n\n\n\n<p>9-Le Sapin, conte danois d\u2019Hans Christian Andersen. R\u00e9cit lu par Natacha Antolini<\/p>\n\n\n\n<p>10- Le Grand Michu, nouvelle d&rsquo;Emile Zola, lue par Nathalie Cullell<\/p>\n\n\n\n<figure class=\"wp-block-audio\"><audio controls src=\"https:\/\/afpeah.fr\/wp-content\/uploads\/2025\/08\/Le-Grand-Michu-Audio-1.mp3\"><\/audio><\/figure>\n\n\n\n<p>11- La Prise de Troie de Tryphiodore. Extraits lus par Florian Martinez <\/p>\n\n\n\n<figure class=\"wp-block-audio\"><audio controls src=\"https:\/\/afpeah.fr\/wp-content\/uploads\/2025\/09\/Cassandre.wav\"><\/audio><\/figure>\n","protected":false},"excerpt":{"rendered":"<p>La plupart de ces r\u00e9cits sont accessibles en format videotexte sur YouTube https:\/\/www.youtube.com\/@associationafpeah201 1-Nouvelle fantastique : Le Masque de la Mort rouge, Edgar Poe. Texte lu par Fran\u00e7oise Bailly-Torres 2-Conte traditionnel japonais : Urashima Tar\u014d. Texte lu par Claudine Foury 3-Nouvelle fantastique : Wood\u2019stown, Alphonse Daudet. Texte lu par Tatiana Dumas 4-Mythe de Cadmus. Extrait des M\u00e9tamorphoses d\u2019Ovide. Texte lu Par Florian Martinez 5-L\u2019Escargot bleu, conte d\u2019Andr\u00e9 Hell\u00e9 6-Riquet \u00e0 la houppe. Conte de Perrault lu par Nathalie Cullell 7-Narcisse,&#8230;<\/p>\n<p class=\"read-more\"><a class=\"btn btn-default\" href=\"https:\/\/afpeah.fr\/index.php\/podcasts\/\">Lire la suite<span class=\"screen-reader-text\"> Lire la suite<\/span><\/a><\/p>\n","protected":false},"author":1,"featured_media":2553,"parent":0,"menu_order":0,"comment_status":"closed","ping_status":"closed","template":"","meta":{"footnotes":""},"class_list":["post-2485","page","type-page","status-publish","has-post-thumbnail","hentry"],"_links":{"self":[{"href":"https:\/\/afpeah.fr\/index.php\/wp-json\/wp\/v2\/pages\/2485","targetHints":{"allow":["GET"]}}],"collection":[{"href":"https:\/\/afpeah.fr\/index.php\/wp-json\/wp\/v2\/pages"}],"about":[{"href":"https:\/\/afpeah.fr\/index.php\/wp-json\/wp\/v2\/types\/page"}],"author":[{"embeddable":true,"href":"https:\/\/afpeah.fr\/index.php\/wp-json\/wp\/v2\/users\/1"}],"replies":[{"embeddable":true,"href":"https:\/\/afpeah.fr\/index.php\/wp-json\/wp\/v2\/comments?post=2485"}],"version-history":[{"count":21,"href":"https:\/\/afpeah.fr\/index.php\/wp-json\/wp\/v2\/pages\/2485\/revisions"}],"predecessor-version":[{"id":4019,"href":"https:\/\/afpeah.fr\/index.php\/wp-json\/wp\/v2\/pages\/2485\/revisions\/4019"}],"wp:featuredmedia":[{"embeddable":true,"href":"https:\/\/afpeah.fr\/index.php\/wp-json\/wp\/v2\/media\/2553"}],"wp:attachment":[{"href":"https:\/\/afpeah.fr\/index.php\/wp-json\/wp\/v2\/media?parent=2485"}],"curies":[{"name":"wp","href":"https:\/\/api.w.org\/{rel}","templated":true}]}}