{"id":2457,"date":"2022-02-06T14:46:34","date_gmt":"2022-02-06T13:46:34","guid":{"rendered":"https:\/\/afpeah.fr\/?page_id=2457"},"modified":"2025-06-15T13:22:26","modified_gmt":"2025-06-15T11:22:26","slug":"adherer","status":"publish","type":"page","link":"https:\/\/afpeah.fr\/index.php\/adherer\/","title":{"rendered":"ADH\u00c9RER"},"content":{"rendered":"\n<p>Si vous souhaitez participer \u00e0 nos travaux ou soutenir ces derniers, vous pouvez adh\u00e9rer \u00e0 notre association (Association loi 1901).<\/p>\n\n\n\n<ul class=\"wp-block-list\">\n<li>Vous avez la possibilit\u00e9 d\u2019adh\u00e9rer en&nbsp;<strong>remplissant le bulletin d\u2019adh\u00e9sion et en envoyant un ch\u00e8que de 12 euros \u00e0 notre tr\u00e9sorier \u00e0 l\u2019adresse indiqu\u00e9e sur le document<\/strong>.<\/li>\n<\/ul>\n\n\n\n<ul class=\"wp-block-list\">\n<li>Nous nous r\u00e9jouissons de compter parmi nous de nouveaux adh\u00e9rents. Nous les remercions de nous avoir accord\u00e9 leur confiance. Il en est de m\u00eame pour tous les membres de l\u2019association qui ont renouvel\u00e9 leur adh\u00e9sion.<\/li>\n<\/ul>\n\n\n\n<p>Merci \u00e0 tous pour votre soutien et votre implication\u00a0!<br><br><strong><mark style=\"background-color:rgba(0, 0, 0, 0)\" class=\"has-inline-color has-vivid-cyan-blue-color\">Bulletin d\u2019adh\u00e9sion 2025 : <\/mark><\/strong><\/p>\n\n\n\n<div data-wp-interactive=\"core\/file\" class=\"wp-block-file\"><object data-wp-bind--hidden=\"!state.hasPdfPreview\" hidden class=\"wp-block-file__embed\" data=\"https:\/\/afpeah.fr\/wp-content\/uploads\/2025\/06\/Bulletin-dadhesion-2025-AFPEAH.pdf\" type=\"application\/pdf\" style=\"width:100%;height:600px\" aria-label=\"Contenu embarqu\u00e9 Bulletin d&apos;adhe\u0301sion 2025 AFPEAH.\"><\/object><a id=\"wp-block-file--media-af1cd7f8-acfd-48e2-9f1a-25275045ec4a\" href=\"https:\/\/afpeah.fr\/wp-content\/uploads\/2025\/06\/Bulletin-dadhesion-2025-AFPEAH.pdf\">Bulletin d&rsquo;adhe\u0301sion 2025 AFPEAH<\/a><a href=\"https:\/\/afpeah.fr\/wp-content\/uploads\/2025\/06\/Bulletin-dadhesion-2025-AFPEAH.pdf\" class=\"wp-block-file__button wp-element-button\" download aria-describedby=\"wp-block-file--media-af1cd7f8-acfd-48e2-9f1a-25275045ec4a\">T\u00e9l\u00e9charger<\/a><\/div>\n","protected":false},"excerpt":{"rendered":"<p>Si vous souhaitez participer \u00e0 nos travaux ou soutenir ces derniers, vous pouvez adh\u00e9rer \u00e0 notre association (Association loi 1901). Merci \u00e0 tous pour votre soutien et votre implication\u00a0! Bulletin d\u2019adh\u00e9sion 2025 :<\/p>\n","protected":false},"author":1,"featured_media":0,"parent":0,"menu_order":0,"comment_status":"closed","ping_status":"closed","template":"","meta":{"footnotes":""},"class_list":["post-2457","page","type-page","status-publish","hentry"],"_links":{"self":[{"href":"https:\/\/afpeah.fr\/index.php\/wp-json\/wp\/v2\/pages\/2457","targetHints":{"allow":["GET"]}}],"collection":[{"href":"https:\/\/afpeah.fr\/index.php\/wp-json\/wp\/v2\/pages"}],"about":[{"href":"https:\/\/afpeah.fr\/index.php\/wp-json\/wp\/v2\/types\/page"}],"author":[{"embeddable":true,"href":"https:\/\/afpeah.fr\/index.php\/wp-json\/wp\/v2\/users\/1"}],"replies":[{"embeddable":true,"href":"https:\/\/afpeah.fr\/index.php\/wp-json\/wp\/v2\/comments?post=2457"}],"version-history":[{"count":14,"href":"https:\/\/afpeah.fr\/index.php\/wp-json\/wp\/v2\/pages\/2457\/revisions"}],"predecessor-version":[{"id":3788,"href":"https:\/\/afpeah.fr\/index.php\/wp-json\/wp\/v2\/pages\/2457\/revisions\/3788"}],"wp:attachment":[{"href":"https:\/\/afpeah.fr\/index.php\/wp-json\/wp\/v2\/media?parent=2457"}],"curies":[{"name":"wp","href":"https:\/\/api.w.org\/{rel}","templated":true}]}}